{"id":14859,"date":"2024-12-21T10:59:12","date_gmt":"2024-12-21T10:59:12","guid":{"rendered":"https:\/\/sunriseballoonmarrakech.com\/?page_id=14859"},"modified":"2024-12-21T11:09:19","modified_gmt":"2024-12-21T11:09:19","slug":"conditions-generales","status":"publish","type":"page","link":"https:\/\/sunriseballoonmarrakech.com\/fr\/conditions-generales\/","title":{"rendered":"Conditions g\u00e9n\u00e9rales"},"content":{"rendered":"\t\t<div data-elementor-type=\"wp-page\" data-elementor-id=\"14859\" class=\"elementor elementor-14859 elementor-14853\">\n\t\t\t\t<div class=\"elementor-element elementor-element-73ec0d31 e-flex e-con-boxed e-con e-parent\" data-id=\"73ec0d31\" data-element_type=\"container\" data-e-type=\"container\">\n\t\t\t\t\t<div class=\"e-con-inner\">\n\t\t\t\t<div class=\"elementor-element elementor-element-4fe1a91f elementor-widget elementor-widget-text-editor\" data-id=\"4fe1a91f\" data-element_type=\"widget\" data-e-type=\"widget\" data-widget_type=\"text-editor.default\">\n\t\t\t\t<div class=\"elementor-widget-container\">\n\t\t\t\t\t\t\t\t\t\n<h2 class=\"wp-block-heading\"><strong>Introduction et Cadre G\u00e9n\u00e9ral<\/strong><\/h2>\n\n<h3 class=\"wp-block-heading\"><strong>Pr\u00e9ambule<\/strong><\/h3>\n\n<p>Les pr\u00e9sents termes et conditions r\u00e9gissent toutes les transactions effectu\u00e9es via le site web de Sunrise Balloon Marrakech. Toute r\u00e9servation effectu\u00e9e sur notre site web implique l&rsquo;acceptation inconditionnelle de ces termes par le client.<\/p>\n\n<h3 class=\"wp-block-heading\"><strong>Objet<\/strong><\/h3>\n\n<p>Ce contrat \u00e9tablit les droits et obligations des deux parties concernant la vente des services de Sunrise Balloon Marrakech via le site web.<\/p>\n\n<h3 class=\"wp-block-heading\"><strong>D\u00e9finitions<\/strong><\/h3>\n\n<ul class=\"wp-block-list\">\n<li><strong>Contrat \u00e0 Distance :<\/strong> Tout accord pour la fourniture de services entre Sunrise Balloon Marrakech et le client, conclu exclusivement via le r\u00e9seau Internet.<\/li>\n\n<li><strong>Confirmation de R\u00e9servation :<\/strong> Le document confirmant les d\u00e9tails du service, accept\u00e9 par le client en cliquant pour confirmer.<\/li>\n\n<li><strong>Commande :<\/strong> Un engagement ferme du client \u00e0 acheter les services propos\u00e9s par Sunrise Balloon Marrakech.<\/li>\n<\/ul>\n\n<h3 class=\"wp-block-heading\"><strong>Tarification<\/strong><\/h3>\n\n<ul class=\"wp-block-list\">\n<li>Les prix sont affich\u00e9s en USD ($).<\/li>\n\n<li>Les prix au moment de la r\u00e9servation sont d\u00e9finitifs et ne feront l&rsquo;objet d&rsquo;aucune modification, sauf accord explicite.<\/li>\n<\/ul>\n\n<h3 class=\"wp-block-heading\"><strong>Modes de Paiement<\/strong><\/h3>\n\n<p>Les clients disposent de deux options de paiement :<\/p>\n\n<ol class=\"wp-block-list\">\n<li><strong>Paiement Int\u00e9gral en Ligne :<\/strong> Les clients peuvent r\u00e9gler la totalit\u00e9 du montant en ligne de mani\u00e8re s\u00e9curis\u00e9e au moment de la r\u00e9servation via PayPal ou Stripe.<\/li>\n\n<li><strong>Paiement d&rsquo;un Acompte :<\/strong> Les clients peuvent choisir de payer un acompte de 30 % en ligne pour s\u00e9curiser leur r\u00e9servation. Le solde restant de 70 % est payable sur place avant le vol.<\/li>\n<\/ol>\n\n<p>En choisissant l&rsquo;option de l&rsquo;acompte, le client s&rsquo;engage \u00e0 finaliser le paiement avant la prestation du service. Les paiements sont s\u00e9curis\u00e9s, et le client garantit avoir l&rsquo;autorit\u00e9 d&rsquo;utiliser le mode de paiement s\u00e9lectionn\u00e9.<\/p>\n\n<h2 class=\"wp-block-heading\"><strong>Politique d&rsquo;Annulation et de Remboursement<\/strong><\/h2>\n\n<h3 class=\"wp-block-heading\"><strong>Annulation par Sunrise Balloon Marrakech<\/strong><\/h3>\n\n<ul class=\"wp-block-list\">\n<li><strong>Annulations pour Conditions M\u00e9t\u00e9orologiques :<\/strong>\n<ul class=\"wp-block-list\">\n<li>Si des conditions m\u00e9t\u00e9orologiques d\u00e9favorables sont pr\u00e9vues et que le vol est annul\u00e9 la veille :\n<ul class=\"wp-block-list\">\n<li>Option 1 : Reporter le vol \u00e0 une date convenue.<\/li>\n\n<li>Option 2 : Recevoir un remboursement \u00e0 100 % du montant pay\u00e9 (acompte ou totalit\u00e9).<\/li>\n<\/ul>\n<\/li>\n\n<li>Si les conditions le jour du vol sont jug\u00e9es dangereuses pour le d\u00e9collage :\n<ul class=\"wp-block-list\">\n<li>Les passagers profiteront d\u2019un petit-d\u00e9jeuner traditionnel dans notre tente berb\u00e8re.<\/li>\n\n<li>Un remboursement \u00e0 100 % du montant pay\u00e9 sera effectu\u00e9.<\/li>\n<\/ul>\n<\/li>\n<\/ul>\n<\/li>\n<\/ul>\n\n<h3 class=\"wp-block-heading\"><strong>Annulation par le Client<\/strong><\/h3>\n\n<ul class=\"wp-block-list\">\n<li>Les annulations effectu\u00e9es moins de 24 heures avant le vol programm\u00e9 entra\u00eenent des frais de 100 % du montant de la r\u00e9servation.<\/li>\n\n<li><strong>Absence (No-Show) :<\/strong> Si le client ne se pr\u00e9sente pas \u00e0 l\u2019heure confirm\u00e9e, des frais de 100 % du montant de la r\u00e9servation s\u2019appliquent.<\/li>\n<\/ul>\n\n<h3 class=\"wp-block-heading\"><strong>Force Majeure<\/strong><\/h3>\n\n<p>Sunrise Balloon Marrakech n&rsquo;est tenu de remplir ses obligations que dans la mesure o\u00f9 aucun \u00e9v\u00e9nement majeur impr\u00e9vu (force majeure) ne les en emp\u00eache.<\/p>\n\n<h2 class=\"wp-block-heading\"><strong>Clause de Non-Responsabilit\u00e9<\/strong><\/h2>\n\n<p><strong>1. Statut de Non-Op\u00e9rateur :<\/strong><strong><br \/><\/strong>Sunrise Balloon Marrakech agit uniquement en tant que plateforme de r\u00e9servation et n\u2019est <strong>pas l\u2019op\u00e9rateur<\/strong> des vols en montgolfi\u00e8re propos\u00e9s sur notre site. Toutes les responsabilit\u00e9s op\u00e9rationnelles et de s\u00e9curit\u00e9 incombent exclusivement aux op\u00e9rateurs de montgolfi\u00e8res agr\u00e9\u00e9s.<\/p>\n\n<p><strong>2. R\u00f4le de Facilitateur :<\/strong><strong><br \/><\/strong>Notre r\u00f4le se limite \u00e0 faciliter les r\u00e9servations entre les clients et les op\u00e9rateurs de montgolfi\u00e8res. Nous ne g\u00e9rons, n\u2019exploitons ni ne supervisons aucun service de vol en montgolfi\u00e8re.<\/p>\n\n<p><strong>3. Exon\u00e9ration de Responsabilit\u00e9 :<\/strong><strong><br \/><\/strong>Sunrise Balloon Marrakech n\u2019est pas responsable des probl\u00e8mes op\u00e9rationnels, des pr\u00e9occupations de s\u00e9curit\u00e9 ou de la qualit\u00e9 des services li\u00e9s aux vols en montgolfi\u00e8re. Ces responsabilit\u00e9s rel\u00e8vent uniquement des op\u00e9rateurs.<\/p>\n\n<h2 class=\"wp-block-heading\"><strong>Traitement des Informations des Passagers<\/strong><\/h2>\n\n<h3 class=\"wp-block-heading\"><strong>1. Partage S\u00e9curis\u00e9 des Donn\u00e9es :<\/strong><\/h3>\n\n<p>Les informations des clients n\u00e9cessaires \u00e0 la conformit\u00e9 (telles que noms et nationalit\u00e9s) seront transmises de mani\u00e8re s\u00e9curis\u00e9e aux op\u00e9rateurs respectifs pour garantir une documentation ad\u00e9quate.<\/p>\n\n<h3 class=\"wp-block-heading\"><strong>2. Responsabilit\u00e9 Limit\u00e9e pour la Conformit\u00e9 :<\/strong><\/h3>\n\n<p>Sunrise Balloon Marrakech ne soumet pas directement les informations des passagers aux autorit\u00e9s de l\u2019aviation. La conformit\u00e9 aux r\u00e9glementations locales, y compris la documentation et les approbations, est la responsabilit\u00e9 exclusive des op\u00e9rateurs.<\/p>\n\n<p>En r\u00e9servant avec Sunrise Balloon Marrakech, vous reconnaissez et acceptez ces termes et conditions. Nous sommes impatients de vous offrir une exp\u00e9rience magique et s\u00e9curis\u00e9e en montgolfi\u00e8re !<\/p>\n\t\t\t\t\t\t\t\t<\/div>\n\t\t\t\t<\/div>\n\t\t\t\t\t<\/div>\n\t\t\t\t<\/div>\n\t\t\t\t<\/div>\n\t\t","protected":false},"excerpt":{"rendered":"<p>Introduction et Cadre G\u00e9n\u00e9ral Pr\u00e9ambule Les pr\u00e9sents termes et conditions r\u00e9gissent toutes les transactions effectu\u00e9es via le site web de Sunrise Balloon Marrakech. Toute r\u00e9servation effectu\u00e9e sur notre site web implique l&rsquo;acceptation inconditionnelle de ces termes par le client. Objet Ce contrat \u00e9tablit les droits et obligations des deux parties concernant la vente des services [&hellip;]<\/p>\n","protected":false},"author":1,"featured_media":0,"parent":0,"menu_order":0,"comment_status":"closed","ping_status":"closed","template":"elementor_header_footer","meta":{"footnotes":""},"class_list":["post-14859","page","type-page","status-publish","has-post-thumbnail","hentry"],"_links":{"self":[{"href":"https:\/\/sunriseballoonmarrakech.com\/fr\/wp-json\/wp\/v2\/pages\/14859","targetHints":{"allow":["GET"]}}],"collection":[{"href":"https:\/\/sunriseballoonmarrakech.com\/fr\/wp-json\/wp\/v2\/pages"}],"about":[{"href":"https:\/\/sunriseballoonmarrakech.com\/fr\/wp-json\/wp\/v2\/types\/page"}],"author":[{"embeddable":true,"href":"https:\/\/sunriseballoonmarrakech.com\/fr\/wp-json\/wp\/v2\/users\/1"}],"replies":[{"embeddable":true,"href":"https:\/\/sunriseballoonmarrakech.com\/fr\/wp-json\/wp\/v2\/comments?post=14859"}],"version-history":[{"count":0,"href":"https:\/\/sunriseballoonmarrakech.com\/fr\/wp-json\/wp\/v2\/pages\/14859\/revisions"}],"wp:attachment":[{"href":"https:\/\/sunriseballoonmarrakech.com\/fr\/wp-json\/wp\/v2\/media?parent=14859"}],"curies":[{"name":"wp","href":"https:\/\/api.w.org\/{rel}","templated":true}]}}